{"id":31705,"date":"2022-12-30T18:58:30","date_gmt":"2022-12-30T18:58:30","guid":{"rendered":"https:\/\/rentcar24.gr\/rental-terms\/"},"modified":"2023-08-12T09:14:05","modified_gmt":"2023-08-12T09:14:05","slug":"rental-terms","status":"publish","type":"page","link":"https:\/\/rentcar24.gr\/de\/rental-terms\/","title":{"rendered":"Gesch\u00e4ftsbedingungen"},"content":{"rendered":"\t\t<div data-elementor-type=\"wp-post\" data-elementor-id=\"31705\" class=\"elementor elementor-31705 elementor-30514\" data-elementor-post-type=\"page\">\n\t\t\t\t\t\t<div class=\"elementor-inner\">\n\t\t\t\t<div class=\"elementor-section-wrap\">\n\t\t\t\t\t\t\t\t\t<section class=\"elementor-section elementor-top-section elementor-element elementor-element-b87224d elementor-section-boxed elementor-section-height-default elementor-section-height-default\" data-id=\"b87224d\" data-element_type=\"section\" data-settings=\"{&quot;background_background&quot;:&quot;classic&quot;}\">\n\t\t\t\t\t\t<div class=\"elementor-container elementor-column-gap-no\">\n\t\t\t\t\t\t\t<div class=\"elementor-row\">\n\t\t\t\t\t<div class=\"elementor-column elementor-col-100 elementor-top-column elementor-element elementor-element-ae7738f\" data-id=\"ae7738f\" data-element_type=\"column\">\n\t\t\t<div class=\"elementor-column-wrap elementor-element-populated\">\n\t\t\t\t\t\t\t<div class=\"elementor-widget-wrap\">\n\t\t\t\t\t\t<div class=\"elementor-element elementor-element-41bbc23 elementor-headline--style-highlight elementor-widget elementor-widget-animated-headline\" data-id=\"41bbc23\" data-element_type=\"widget\" data-settings=\"{&quot;marker&quot;:&quot;underline&quot;,&quot;highlighted_text&quot;:&quot;Gesch\\u00e4ftsbedingungen&quot;,&quot;headline_style&quot;:&quot;highlight&quot;,&quot;highlight_animation_duration&quot;:1200}\" data-widget_type=\"animated-headline.default\">\n\t\t\t\t<div class=\"elementor-widget-container\">\n\t\t\t\t\t<h3 class=\"elementor-headline\">\n\t\t\t\t<span class=\"elementor-headline-dynamic-wrapper elementor-headline-text-wrapper\">\n\t\t\t\t\t<span class=\"elementor-headline-dynamic-text elementor-headline-text-active\">Gesch\u00e4ftsbedingungen<\/span>\n\t\t\t\t<\/span>\n\t\t\t\t<\/h3>\n\t\t\t\t<\/div>\n\t\t\t\t<\/div>\n\t\t\t\t<div class=\"elementor-element elementor-element-d15bc4b elementor-widget-divider--view-line elementor-widget elementor-widget-divider\" data-id=\"d15bc4b\" data-element_type=\"widget\" data-widget_type=\"divider.default\">\n\t\t\t\t<div class=\"elementor-widget-container\">\n\t\t\t\t\t<div class=\"elementor-divider\">\n\t\t\t<span class=\"elementor-divider-separator\">\n\t\t\t\t\t\t<\/span>\n\t\t<\/div>\n\t\t\t\t<\/div>\n\t\t\t\t<\/div>\n\t\t\t\t<section class=\"elementor-section elementor-inner-section elementor-element elementor-element-2d069cc elementor-section-boxed elementor-section-height-default elementor-section-height-default\" data-id=\"2d069cc\" data-element_type=\"section\">\n\t\t\t\t\t\t<div class=\"elementor-container elementor-column-gap-default\">\n\t\t\t\t\t\t\t<div class=\"elementor-row\">\n\t\t\t\t\t<div class=\"elementor-column elementor-col-100 elementor-inner-column elementor-element elementor-element-e758b5d\" data-id=\"e758b5d\" data-element_type=\"column\">\n\t\t\t<div class=\"elementor-column-wrap elementor-element-populated\">\n\t\t\t\t\t\t\t<div class=\"elementor-widget-wrap\">\n\t\t\t\t\t\t<div class=\"elementor-element elementor-element-5117458 elementor-widget elementor-widget-text-editor\" data-id=\"5117458\" data-element_type=\"widget\" data-widget_type=\"text-editor.default\">\n\t\t\t\t<div class=\"elementor-widget-container\">\n\t\t\t\t\t\t\t\t<div class=\"elementor-text-editor elementor-clearfix\">\n\t\t\t\t<p><strong>ALLGEMEINE GESCH\u00c4FTSBEDINGUNGEN<\/strong><\/p><ul><li>Die Buchungen werden auf der Grundlage der KATEGORIE und nicht eines bestimmten Fahrzeugmodells vorgenommen.<\/li><li>F\u00fcr die Buchung ist ein Personalausweis oder Reisepass und ein g\u00fcltiger F\u00fchrerschein erforderlich. Ist dies nicht der Fall, sind wir nicht verpflichtet, die Buchung vorzunehmen.<\/li><li>Das Fahren auf nicht zugelassenen Stra\u00dfen, auf denen die Stra\u00dfenverkehrsordnung (StVO) nicht gilt, ist verboten.\u00a0<\/li><li>Wird das Fahrzeug ohne vorherige Benachrichtigung des Unternehmens mit einem Schaden zur\u00fcckgegeben, wird dem Kunden der gesamte Schaden in Rechnung gestellt. Der Mindestbetrag der Entsch\u00e4digung betr\u00e4gt 100 Euro.<\/li><li>Im Falle eines Unfalls ist es obligatorisch, uns und die Polizei anzurufen.\u00a0<\/li><li>Im Falle des Diebstahls des Fahrzeugs ist der Kunde verpflichtet, uns rechtzeitig zu informieren, den Fahrzeugschl\u00fcssel und die Strafanzeige zur Verf\u00fcgung zu stellen. In allen anderen F\u00e4llen ist er f\u00fcr den Diebstahl verantwortlich.<\/li><li>Im Falle des Diebstahls von pers\u00f6nlichen Gegenst\u00e4nden des Mieters ist das Unternehmen nicht verantwortlich.\u00a0<\/li><li>Das Rauchen ist im Fahrzeug verboten.<\/li><li>Die R\u00fcckgabe des Fahrzeugs au\u00dferhalb der \u00d6ffnungszeiten (21:00 &#8211; 08:00) wird mit einem Betrag von 20 \u20ac berechnet.<\/li><\/ul><p><b>ALTER DES FAHRERS<\/b><\/p><ul><li>Das Mindestalter liegt bei 23 Jahren.<\/li><li>Das H\u00f6chstalter liegt bei 72 Jahren.<\/li><\/ul><p>Wenn Sie 21 oder 22 Jahre alt sind (und Ihren F\u00fchrerschein seit mehr als einem Jahr besitzen) oder \u00fcber 72 Jahre alt sind, gibt es eine Mietoption mit einer Geb\u00fchr von 5,00 Euro pro Tag f\u00fcr die zus\u00e4tzliche Versicherung.<\/p><p><b>ZAHLUNGSMETHODEN<\/b><\/p><p>Die Zahlung kann \u00fcber unsere Website oder bei \u00dcbernahme des Fahrzeugs auf die folgenden Methoden erfolgen:<\/p><ul><li>Visa, Mastercard<\/li><li>Debitkarte,<\/li><li>Kreditkarte,<\/li><li>oder Bargeld.<\/li><\/ul><p>Alle mit der Karte get\u00e4tigten Zahlungen werden \u00fcber die elektronische Zahlungsplattform \u201eNexi e-Commerce\u201c von Nexi Payments Greece S.A. verarbeitet und verwenden das Verschl\u00fcsselungsprotokoll TLS 1.2 mit 128-Bit (Secure Sockets Layer \u2013 SSL). Verschl\u00fcsselung ist eine M\u00f6glichkeit, die Informationen zu codieren, bis sie ihren Empf\u00e4nger erreichen, der sie mit dem entsprechenden Schl\u00fcssel entschl\u00fcsseln kann.<\/p><p><strong>STORNIERUNGSBEDINGUNGEN<\/strong><\/p><p>Die Stornierung der Reservierung ist 48 Stunden vor der Ankunft kostenlos. Bankgeb\u00fchren im Falle einer Stornierung gehen zu Lasten des Kunden.<\/p><p><b>MIETVERFAHREN\u00a0<\/b><\/p><p>Der Mieter ist daf\u00fcr verantwortlich, das Fahrzeug (innen und au\u00dfen) zu \u00fcberpr\u00fcfen, eventuelle Sch\u00e4den dem Vertreter von Rent24 Carrentals zu melden, den Kraftstoffstand zu \u00fcberpr\u00fcfen und den \u00ab\u00dcbernahmeprotokoll f\u00fcr das Fahrzeug\u00bb bei der \u00dcbernahme des Fahrzeugs zu unterschreiben. Der Mieter ist verpflichtet, das Fahrzeug im gleichen Zustand zur\u00fcckzugeben. Wenn ein Fahrzeug in einem sehr schmutzigen Zustand zur\u00fcckgegeben wird, sodass es schwierig ist, den Zustand des Fahrzeugs zu \u00fcberpr\u00fcfen, muss der Mieter m\u00f6glicherweise warten, bis das Fahrzeug gereinigt ist, und 20,00 Euro f\u00fcr diesen Service bezahlen. F\u00fcr Fahrzeuge, die in schlechtem Zustand und innen verschmutzt zur\u00fcckgegeben werden, wird eine Sonderreinigung zu einem Mindestpreis von 60,00 Euro berechnet.<\/p><p><strong>MIETVERL\u00c4NGERUNG<\/strong><br \/>Wenn der Mieter die urspr\u00fcnglich vereinbarte Mietdauer des Fahrzeugs verl\u00e4ngern m\u00f6chte, muss er sich 2 Tage vor Ablauf der urspr\u00fcnglichen Mietdauer telefonisch mit \u00abRent24 Carrentals\u00bb in Verbindung setzen, damit die Verl\u00e4ngerung der Mietdauer im Mietvertrag vermerkt wird. Andernfalls wird eine Geb\u00fchr erhoben. Der Versicherungsschutz ist g\u00fcltig und deckt das Fahrzeug nur f\u00fcr den im Mietvertrag vereinbarten und angegebenen Zeitraum. Die Verl\u00e4ngerung gilt nur im Falle der Verf\u00fcgbarkeit.<\/p><p><strong>F\u00dcHRERSCHEIN<\/strong><br \/>Der Fahrer muss seit mindestens einem Jahr im Besitz eines F\u00fchrerscheins sein. Er muss einen griechischen oder europ\u00e4ischen F\u00fchrerschein besitzen.<br \/>F\u00fcr Nicht-EU-B\u00fcrger ist ein internationaler F\u00fchrerschein erforderlich.<br \/>Sollten die erforderlichen Unterlagen nicht vorliegen, wird die Anmietung storniert und keine Entsch\u00e4digung oder Erstattung gew\u00e4hrt.<\/p><p><strong>GELDBUSSEN UND VERST\u00d6SSE<\/strong><\/p><p>Der Mieter ist allein und vollst\u00e4ndig f\u00fcr die Kosten von Geldbu\u00dfen oder anderen Ordnungswidrigkeiten verantwortlich. Bei Einbehaltung von Kennzeichen wird das Geldbu\u00dfe in doppelter H\u00f6he erhoben.<\/p><p><strong>VERSICHERUNG<\/strong><\/p><p>Eine Vollkasko Versicherung ohne Selbstbeteiligung ohne Selbstbeteiligung und ohne Garantie ist angeboten.<\/p><p>Die Vollkasko Versicherung ohne Selbstbeteiligung ohne Selbstbeteiligung deckt nicht:<\/p><ul><li>Verst\u00f6\u00dfe und Sch\u00e4den gegen die Stra\u00dfenverkehrsordnung (StVO), wie z. B. das \u00dcberfahren von roten Ampeln, Stoppschild, Fahren unter Alkohol- und\/oder Drogeneinfluss und\/oder anderen Substanzen, \u00dcberschreitung der H\u00f6chstgeschwindigkeit usw.<\/li><li>Fahren auf nicht zugelassenen Stra\u00dfen, auf denen die StVO nicht gilt.<\/li><li>Fahren mit vors\u00e4tzlicher Besch\u00e4digung und\/oder unvorsichtiger und fahrl\u00e4ssiger Fahrweise.<\/li><\/ul><p>Unsere Autos sind f\u00fcr die maximale Passagierzahl versichert. Aus Sicherheitsgr\u00fcnden kann diese Zahl nicht \u00fcberschritten werden. Bei \u00dcberschreitung kann die Versicherung storniert werden und dem Mieter werden die Kosten f\u00fcr die Reparatur des Autos im Falle eines Unfalls oder Schadens in Rechnung gestellt.<\/p><p><strong>ZUS\u00c4TZLICHE(R) FAHRER<\/strong><br \/>Der zweite Fahrer ist kostenlos. Der dritte Fahrer wird mit 3,00 EUR pro Tag berechnet.<\/p><p><strong>FAHRZEUGERSATZ<\/strong><br \/>Der Ersatz eines Fahrzeugs nach einer Besch\u00e4digung oder einem Unfall ohne Verschulden des Mieters erfolgt innerhalb von 48 Stunden. Im Falle einer Reifenpanne wird das Fahrzeug nicht ersetzt (eine 24-Stunden-Pannenhilfe ist verf\u00fcgbar).<\/p><p><strong>KINDERSITZEN<\/strong><br \/>Nur nach Reservierung verf\u00fcgbar und mit einer Geb\u00fchr von \u20ac3,00 \/ Sitz und \u20ac2,00 \/ Booster.<\/p><p><strong>NAVIGATIONSSYSTEM &#8211; GPS<\/strong><br \/>Nur auf Buchung und mit einer Geb\u00fchr von 30\u20ac f\u00fcr die gesamte Mietdauer erh\u00e4ltlich.<\/p><p><strong>TRANSPORT PER SCHIFF UND AUSSERHALB GRIECHENLANDS<\/strong><br \/>Der Transport per Schiff ist nur mit schriftlicher Zustimmung unseres Unternehmens erlaubt.<br \/>Es ist verboten, Griechenland mit dem Fahrzeug zu verlassen.<\/p><p><strong>TANKREGELUNG<\/strong><br \/>Das Fahrzeug muss mit demselben Kraftstoffstand zur\u00fcckgegeben werden, den es zum Zeitpunkt der \u00dcbernahme hatte.<\/p><p><strong>KUNDENHAFTUNG<\/strong><br \/>Der Kunde haftet finanziell f\u00fcr die folgenden Sch\u00e4den:<\/p><ul><li>Verlust\/Besch\u00e4digung der Schl\u00fcssel<\/li><li>Besch\u00e4digung der Sitze<\/li><li>Jegliche Sch\u00e4den, Verbrennungen und\/oder Flecken, die durch das Rauchen am Fahrzeug entstanden sind.<\/li><li>Extreme Verschmutzung des Fahrzeugs<\/li><li>Sch\u00e4den am Fahrzeug, die durch Fahrl\u00e4ssigkeit oder b\u00f6swilliges Handeln verursacht wurden<\/li><li>Sch\u00e4den, die durch die Verwendung von falschem oder fehlerhaftem Kraftstoff verursacht werden<\/li><li>Gegenst\u00e4nde, die aus dem Auto gestohlen oder bei einem Unfall besch\u00e4digt wurden.<\/li><\/ul><p><strong>UNFALL\/SCHADENSFALL<\/strong><br \/>Im Falle eines Unfalls muss der Mieter sofort das Unternehmen und die Polizei anrufen (100). Au\u00dferdem darf der Mieter den Unfallort niemals verlassen, ohne sowohl die Polizei als auch unser Unternehmen zu benachrichtigen. Es ist notwendig, das Eintreffen der Polizei abzuwarten, um einen offiziellen Unfallbericht zu erstellen, von dem eine Kopie bei der R\u00fcckgabe des Fahrzeugs an unser Unternehmen abgegeben werden muss. In diesem Bericht sollte angegeben werden, ob einer der beteiligten Fahrer unter dem Einfluss von Alkohol, Drogen und\/oder anderen Substanzen stand.<br \/>Jede Besch\u00e4digung des Fahrzeugs muss unserem Unternehmen sofort mitgeteilt werden. Wenn das Fahrzeug geparkt war, muss das Unternehmen benachrichtigt werden, bevor das Fahrzeug bewegt wird. Wird das oben beschriebene Verfahren nicht eingehalten, ist der Mieter f\u00fcr den gesamten Schaden verantwortlich. Der Kunde ist im Falle eines Unfalls allein verantwortlich. Unser Unternehmen haftet nicht f\u00fcr Unf\u00e4lle oder Sch\u00e4den, die abseits der Stra\u00dfe verursacht werden, sowie f\u00fcr F\u00e4lle, in denen der Fahrer unter dem Einfluss von Drogen, Medikamenten usw. stand.<br \/>Wird das oben beschriebene Verfahren nicht eingehalten, ist der Mieter f\u00fcr den gesamten Schaden verantwortlich.<br \/>Der Kunde ist im Falle eines Unfalls allein verantwortlich. Unser Unternehmen haftet nicht f\u00fcr Unf\u00e4lle oder Sch\u00e4den, die abseits der Stra\u00dfe verursacht werden, sowie f\u00fcr F\u00e4lle, in denen der Fahrer unter dem Einfluss von Drogen, Medikamenten usw. stand.<\/p><p><strong>VERBOTE<\/strong><\/p><ul><li>Das Fahrzeug kann nicht abseits der Stra\u00dfe an Sandstr\u00e4nden usw. verwendet werden.<\/li><li>Das Fahrzeug darf nicht f\u00fcr den Transport von brennbaren und gef\u00e4hrlichen Stoffen usw. verwendet werden.<\/li><li>Das Fahrzeug darf nicht von anderen als den im Vertrag genannten Personen gefahren werden.<\/li><li>Das Fahrzeug darf nicht abgeschleppt oder von einem anderen Fahrzeug abgeschleppt werden.<\/li><li>Das Fahrzeug darf nicht mehr Personen bef\u00f6rdern, als im Fahrzeugschein angegeben sind.<\/li><li>Das Fahrzeug darf weder vom Mieter noch von einem Dritten ohne vorherige Zustimmung des Vermieters repariert werden.<\/li><\/ul><p><strong>H\u00d6HERE GEWALT<\/strong><\/p><p>Unser Unternehmen ist nicht verantwortlich f\u00fcr die Nicht-Lieferung\/ R\u00fcckgabe, Stornierung und\/oder Diebstahl des Fahrzeugs aufgrund eines unerwarteten Ereignisses au\u00dferhalb unserer Kontrolle als Folge von h\u00f6herer Gewalt (Krieg, Terroranschl\u00e4ge, Virus, usw.).<\/p><p><strong>Im Falle eines Unfalls tel.: +302103497073<\/strong><br \/><strong>Im Falle einer Panne tel.: +302103497073<\/strong><br \/><strong>Im Falle einer Besch\u00e4digung tel: +306972095993<\/strong><\/p><p><strong>WICHTIGE INFORMATIONEN<\/strong><br \/>Durch die Nutzung der Website von Rent24carrentals akzeptieren Sie die Allgemeinen Nutzungsbedingungen und die Datenschutzbestimmungen von Rent24carrentals Wenn Sie Ihre Buchung bei unserem Unternehmen abschlie\u00dfen, akzeptieren Sie alle Bedingungen und Konditionen unserer Website. Die Allgemeinen Gesch\u00e4ftsbedingungen k\u00f6nnen jederzeit ge\u00e4ndert werden. Mit der Unterzeichnung des Mietvertrags erkl\u00e4ren Sie sich mit den von unserem Unternehmen auferlegten Allgemeinen Gesch\u00e4ftsbedingungen einverstanden.<br \/>Unser Unternehmen ist nicht verantwortlich f\u00fcr die Bereitstellung des Fahrzeugs im Falle von Problemen im Zusammenhang mit den Bedingungen Ihres Vertrags.<br \/>Der Zugang zur Rent24 Carrentals Website ist 24\/7 verf\u00fcgbar. Falls die Website aufgrund von Systemwartung oder -aktualisierung nicht verf\u00fcgbar ist, k\u00f6nnen Sie uns auf folgende Weise kontaktieren:<br \/><strong>Telefon: +306972095993<\/strong><br \/><strong>Email: info@rentcar24.gr<\/strong><\/p><p><strong>ZUST\u00c4NDIGE GERICHTE<\/strong><br \/>Die Gerichte von Thessaloniki sind f\u00fcr die Beilegung etwaiger Probleme oder Streitigkeiten zust\u00e4ndig.<\/p><p><strong>RECHTE AM GEISTIGEN EIGENTUM<\/strong><br \/>Die Nutzung der Website von Rent24carrentals ist nur f\u00fcr den pers\u00f6nlichen Gebrauch zur Buchung eines Fahrzeugs gestattet und ist f\u00fcr jede andere Nutzung verboten. Die Nutzung unserer Website f\u00fcr illegale Handlungen und\/oder Transaktionen ist verboten.<\/p>\t\t\t\t\t<\/div>\n\t\t\t\t\t\t<\/div>\n\t\t\t\t<\/div>\n\t\t\t\t\t\t<\/div>\n\t\t\t\t\t<\/div>\n\t\t<\/div>\n\t\t\t\t\t\t\t\t<\/div>\n\t\t\t\t\t<\/div>\n\t\t<\/section>\n\t\t\t\t\t\t<\/div>\n\t\t\t\t\t<\/div>\n\t\t<\/div>\n\t\t\t\t\t\t\t\t<\/div>\n\t\t\t\t\t<\/div>\n\t\t<\/section>\n\t\t\t\t\t\t\t\t\t<\/div>\n\t\t\t<\/div>\n\t\t\t\t\t<\/div>\n\t\t","protected":false},"excerpt":{"rendered":"<p>Gesch\u00e4ftsbedingungen ALLGEMEINE GESCH\u00c4FTSBEDINGUNGEN Die Buchungen werden auf der Grundlage der KATEGORIE und nicht eines bestimmten &hellip;<\/p>\n<p class=\"read-more\"> <a class=\"\" href=\"https:\/\/rentcar24.gr\/de\/rental-terms\/\"> <span class=\"screen-reader-text\">Gesch\u00e4ftsbedingungen<\/span> Read More \u00bb<\/a><\/p>\n","protected":false},"author":1,"featured_media":0,"parent":0,"menu_order":0,"comment_status":"closed","ping_status":"closed","template":"","meta":{"site-sidebar-layout":"no-sidebar","site-content-layout":"page-builder","ast-global-header-display":"","ast-main-header-display":"","ast-hfb-above-header-display":"","ast-hfb-below-header-display":"","ast-hfb-mobile-header-display":"","site-post-title":"disabled","ast-breadcrumbs-content":"","ast-featured-img":"disabled","footer-sml-layout":"","theme-transparent-header-meta":"enabled","adv-header-id-meta":"","stick-header-meta":"default","header-above-stick-meta":"","header-main-stick-meta":"","header-below-stick-meta":"","footnotes":""},"class_list":["post-31705","page","type-page","status-publish","hentry"],"_links":{"self":[{"href":"https:\/\/rentcar24.gr\/de\/wp-json\/wp\/v2\/pages\/31705","targetHints":{"allow":["GET"]}}],"collection":[{"href":"https:\/\/rentcar24.gr\/de\/wp-json\/wp\/v2\/pages"}],"about":[{"href":"https:\/\/rentcar24.gr\/de\/wp-json\/wp\/v2\/types\/page"}],"author":[{"embeddable":true,"href":"https:\/\/rentcar24.gr\/de\/wp-json\/wp\/v2\/users\/1"}],"replies":[{"embeddable":true,"href":"https:\/\/rentcar24.gr\/de\/wp-json\/wp\/v2\/comments?post=31705"}],"version-history":[{"count":25,"href":"https:\/\/rentcar24.gr\/de\/wp-json\/wp\/v2\/pages\/31705\/revisions"}],"predecessor-version":[{"id":32299,"href":"https:\/\/rentcar24.gr\/de\/wp-json\/wp\/v2\/pages\/31705\/revisions\/32299"}],"wp:attachment":[{"href":"https:\/\/rentcar24.gr\/de\/wp-json\/wp\/v2\/media?parent=31705"}],"curies":[{"name":"wp","href":"https:\/\/api.w.org\/{rel}","templated":true}]}}