{"id":31703,"date":"2023-01-04T09:31:48","date_gmt":"2023-01-04T09:31:48","guid":{"rendered":"https:\/\/rentcar24.gr\/gdpr\/"},"modified":"2023-02-02T22:05:52","modified_gmt":"2023-02-02T22:05:52","slug":"gdpr","status":"publish","type":"page","link":"https:\/\/rentcar24.gr\/de\/gdpr\/","title":{"rendered":"DATENSCHUTZERKL\u00c4RUNG \u2013 GDPR"},"content":{"rendered":"\t\t<div data-elementor-type=\"wp-post\" data-elementor-id=\"31703\" class=\"elementor elementor-31703 elementor-31089\" data-elementor-post-type=\"page\">\n\t\t\t\t\t\t<div class=\"elementor-inner\">\n\t\t\t\t<div class=\"elementor-section-wrap\">\n\t\t\t\t\t\t\t\t\t<section class=\"elementor-section elementor-top-section elementor-element elementor-element-b87224d elementor-section-boxed elementor-section-height-default elementor-section-height-default\" data-id=\"b87224d\" data-element_type=\"section\" data-settings=\"{&quot;background_background&quot;:&quot;classic&quot;}\">\n\t\t\t\t\t\t<div class=\"elementor-container elementor-column-gap-no\">\n\t\t\t\t\t\t\t<div class=\"elementor-row\">\n\t\t\t\t\t<div class=\"elementor-column elementor-col-100 elementor-top-column elementor-element elementor-element-ae7738f\" data-id=\"ae7738f\" data-element_type=\"column\">\n\t\t\t<div class=\"elementor-column-wrap elementor-element-populated\">\n\t\t\t\t\t\t\t<div class=\"elementor-widget-wrap\">\n\t\t\t\t\t\t<div class=\"elementor-element elementor-element-d15bc4b elementor-widget-divider--view-line elementor-widget elementor-widget-divider\" data-id=\"d15bc4b\" data-element_type=\"widget\" data-widget_type=\"divider.default\">\n\t\t\t\t<div class=\"elementor-widget-container\">\n\t\t\t\t\t<div class=\"elementor-divider\">\n\t\t\t<span class=\"elementor-divider-separator\">\n\t\t\t\t\t\t<\/span>\n\t\t<\/div>\n\t\t\t\t<\/div>\n\t\t\t\t<\/div>\n\t\t\t\t<section class=\"elementor-section elementor-inner-section elementor-element elementor-element-2d069cc elementor-section-boxed elementor-section-height-default elementor-section-height-default\" data-id=\"2d069cc\" data-element_type=\"section\">\n\t\t\t\t\t\t<div class=\"elementor-container elementor-column-gap-default\">\n\t\t\t\t\t\t\t<div class=\"elementor-row\">\n\t\t\t\t\t<div class=\"elementor-column elementor-col-100 elementor-inner-column elementor-element elementor-element-e758b5d\" data-id=\"e758b5d\" data-element_type=\"column\">\n\t\t\t<div class=\"elementor-column-wrap elementor-element-populated\">\n\t\t\t\t\t\t\t<div class=\"elementor-widget-wrap\">\n\t\t\t\t\t\t<div class=\"elementor-element elementor-element-41bbc23 elementor-headline--style-highlight elementor-widget elementor-widget-animated-headline\" data-id=\"41bbc23\" data-element_type=\"widget\" data-settings=\"{&quot;marker&quot;:&quot;underline&quot;,&quot;highlighted_text&quot;:&quot;GDPR&quot;,&quot;headline_style&quot;:&quot;highlight&quot;,&quot;highlight_animation_duration&quot;:1200}\" data-widget_type=\"animated-headline.default\">\n\t\t\t\t<div class=\"elementor-widget-container\">\n\t\t\t\t\t<h3 class=\"elementor-headline\">\n\t\t\t\t\t<span class=\"elementor-headline-plain-text elementor-headline-text-wrapper\">DATENSCHUTZERKL\u00c4RUNG <\/span>\n\t\t\t\t<span class=\"elementor-headline-dynamic-wrapper elementor-headline-text-wrapper\">\n\t\t\t\t\t<span class=\"elementor-headline-dynamic-text elementor-headline-text-active\">GDPR<\/span>\n\t\t\t\t<\/span>\n\t\t\t\t<\/h3>\n\t\t\t\t<\/div>\n\t\t\t\t<\/div>\n\t\t\t\t<div class=\"elementor-element elementor-element-5117458 elementor-widget elementor-widget-text-editor\" data-id=\"5117458\" data-element_type=\"widget\" data-widget_type=\"text-editor.default\">\n\t\t\t\t<div class=\"elementor-widget-container\">\n\t\t\t\t\t\t\t\t<div class=\"elementor-text-editor elementor-clearfix\">\n\t\t\t\t<p><strong>DATENSCHUTZERKL\u00c4RUNG \u2013 GDPR<\/strong><\/p><p>Seit dem 25.5.2018 wurde die neue Verordnung 2016\/679\/EU zum Schutz personenbezogener Daten eingef\u00fchrt, mit dem Hauptziel, diesen Schutz in allen EU-Mitgliedstaaten zu verbessern.<br \/>Die technologische Entwicklung und die Globalisierung haben den Schutz personenbezogener Daten vor neue Herausforderungen gestellt. Personenbezogene Daten sind Teil des t\u00e4glichen Lebens von Personen, da sie zur wirtschaftlichen und betrieblichen T\u00e4tigkeit von Unternehmen und der gesamten Wirtschaft beitragen oder f\u00fcr diese notwendig sind. Der Schutz nat\u00fcrlicher Personen bei der \u201eVerarbeitung\u201c ihrer personenbezogenen Daten ist jedoch ein Grundrecht aller und sie sollten daher uneingeschr\u00e4nkt sie kontrollieren und Zugang zu ihnen haben.<\/p><p><strong>\u0391. \u00dcBER UNSER UNTERNEHMEN<\/strong><br \/>Der Schutz personenbezogener Daten ist f\u00fcr unser Unternehmen ein zentraler Grundsatz und Vertrauensfaktor f\u00fcr unsere Mitarbeiter, Kunden und Lieferanten.<br \/>Unser Unternehmen, Rent24Carrentals, ist bekannt f\u00fcr seine Qualit\u00e4t und unschlagbare Preise in der Autovermietungsbranche.<br \/>Unser Unternehmen f\u00fchrt die Verordnung in \u00dcbereinstimmung mit ihr und Ihren pers\u00f6nlichen Daten umgehend durch. In diesem Zusammenhang informieren wir Sie \u00fcber die wichtigsten Punkte der einschl\u00e4gigen Gesetzgebung, um unsere Zusammenarbeit fortzusetzen.<\/p><p><strong>B. ERFASSTE UND VERARBEITETE DATEN<\/strong><br \/>Im Rahmen unserer Zusammenarbeit erfassen und verarbeiten wir personenbezogene Daten, um unsere Beziehung, unseren Service und unsere Informationen besser zu organisieren. Informationen-Daten, welche wir erfassen sind beispielsweise: Vorname, Name, Name des Vaters, Arbeitsstelle, Geschlecht, Steuernummer, Personalausweisnummer, Geburtsdatum und Geburtsort, E-Mail, Telefon usw.<br \/>Auf jeden Fall erheben wir Daten nur mit Ihrer Einwilligung. Wir geben sie auch nicht ohne Ihre vorherige Zustimmung an Dritte weiter. Selbstverst\u00e4ndlich k\u00f6nnen sie an Dritte oder juristische Personen weitergegeben werden, um St\u00f6rungen bei der Ausf\u00fchrung unserer Vertr\u00e4ge zu vermeiden.<\/p><p><strong>C. DATENNUTZUNG<\/strong><br \/>Ihre personenbezogenen Daten werden nur zu bestimmten und speziell erw\u00e4hnten Zwecken erhoben und benutzt. Insbesondere:<br \/>Ggf. zur Feststellung und Ausf\u00fchrung eines Vertrags, dessen Vertragspartei Sie sind<br \/>wenn wir ein berechtigtes Interesse daran haben<br \/>Um Sie \u00fcber unsere neuen Programme, und Aktionen informiert zu werden.<\/p><p><strong>D. DATENERHALTUNG<\/strong><br \/>Wir bewahren Ihre personenbezogenen Daten so lange auf, wie dies zur Erf\u00fcllung unserer angegebenen Zwecke erforderlich ist.<br \/>Erstens werden diese Elemente f\u00fcr die Dauer unserer Zusammenarbeit beibehalten. Folglich l\u00f6schen wir sie danach. Nur ausnahmsweise werden wir personenbezogene Daten auch nach Ablauf weiter verarbeiten, insbesondere:<br \/>Zu statistischen Zwecken<br \/>Informationen, die zur Erf\u00fcllung unserer rechtsverbindlichen Verpflichtungen erforderlich sind<br \/>Daten, die zur Aus\u00fcbung unserer gesetzlichen Anspr\u00fcche erforderlich sind.<\/p><p><strong>\u0395. IHRE VORGESEHENEN RECHTE<\/strong><br \/>Gem\u00e4\u00df der neuen Verordnung werden erweiterte Rechte in Bezug auf Ihre personenbezogenen Daten gew\u00e4hrt und gesichert.<br \/>Recht zum Zugang:\u00a0Sie haben das Recht, \u00fcber die Erhebung und Verarbeitung Ihrer personenbezogenen Daten durch unser Unternehmen informiert zu werden und eine Kopie davon zu erhalten.<br \/>Recht auf Berichtigung:\u00a0Sie haben das Recht, Fehler in Bezug auf Ihre pers\u00f6nlichen Daten zu aktualisieren und zu korrigieren.<br \/>L\u00f6schungsrecht:\u00a0Sie k\u00f6nnen die L\u00f6schung Ihrer Daten von unserem Unternehmen verlangen. Ausnahmsweise k\u00f6nnen wir die L\u00f6schung nach geltendem Recht verweigern.<br \/>Recht auf Einschr\u00e4nkung der Verarbeitung: Sie haben das Recht, die Einschr\u00e4nkung der Verarbeitung Ihrer personenbezogenen Daten durch unser Unternehmen zu verlangen.<br \/>Recht auf Portabilit\u00e4t:\u00a0Sie haben das Recht, die personenbezogenen Daten, die Sie uns \u00fcber Sie \u00fcbermittelt haben, in strukturierter, weit verbreiteter und maschinell lesbarer Form zu erhalten.<br \/>Widerspruchsrecht:\u00a0Sie haben das Recht, der Verarbeitung Ihrer Daten zu bestimmten Zwecken (z.B. Gewerbe, Werbung, Statistik) zu widersprechen.<br \/>F\u00fcr Informationen zu den Datenschutzbestimmungen unseres Unternehmens und zur Aus\u00fcbung Ihrer oben aufgef\u00fchrten und beschriebenen Rechte k\u00f6nnen Sie uns per E-Mail oder telefonisch unter +306972095993 kontaktieren.<br \/>In jedem Fall k\u00f6nnen Sie eine Beschwerde bei der Datenschutzbeh\u00f6rde einreichen, wenn Sie der Ansicht sind, dass die Erhebung und Verarbeitung Ihrer Daten gegen geltendes Recht verst\u00f6\u00dft.<\/p><p><strong>Informationen vor Einwilligung<\/strong><br \/>Unsere Datenbank enth\u00e4lt Ihre Kontaktdaten, die wir ausschlie\u00dflich f\u00fcr unsere Zusammenarbeit verwenden, um Sie \u00fcber Fragen der gesch\u00e4ftlichen oder vertraglichen Zusammenarbeit zwischen uns, \u00fcber die Aktionen und Veranstaltungen unseres Unternehmens zu informieren. Ihre Daten werden in einer elektronischen und gedruckten Datei gespeichert, die Dritten nicht zug\u00e4nglich ist. Die erhobenen Daten werden ausschlie\u00dflich f\u00fcr den oben genannten Zweck verwendet und verbleiben 2 Jahre in unserer Datenbank. Es steht Ihnen jederzeit frei, alle oder einzelne der folgenden Einwilligungen zu widerrufen. Durch den Widerruf der Einwilligung wird die Rechtm\u00e4\u00dfigkeit der bereits erfolgten Verarbeitung nicht ber\u00fchrt. F\u00fcr den Fall, dass die \u00dcbermittlung von Daten erforderlich ist, um rechtliche oder au\u00dfergerichtliche Anspr\u00fcche geltend zu machen oder zu unterst\u00fctzen, ist das rechtliche Interesse unseres Unternehmens ma\u00dfgeblich und das Widerspruchsrecht, das Sie aus\u00fcben k\u00f6nnen, ist m\u00f6glicherweise nicht erf\u00fcllt.<br \/>Wir weisen Sie darauf hin, dass f\u00fcr den Fall, dass die \u00dcbermittlung von Daten zur gerichtlichen oder au\u00dfergerichtlichen Geltendmachung, Aus\u00fcbung oder Durchsetzung von Rechtsanspr\u00fcchen erforderlich ist, das rechtliche Interesse unseres Unternehmens \u00fcberwiegt und eine Aus\u00fcbung des Widerspruchsrechts nicht m\u00f6glich ist \u00dcbung.<\/p><p><strong>VERANTWORTLICHER F\u00dcR DIE VERARBEITUNG<\/strong><br \/>Die personenbezogenen Daten, die Sie uns mitteilen, werden von \u201eRent24Carrentals\u201c verarbeitet als dem f\u00fcr die Verarbeitung Verantwortlichen (Kontaktdaten email: info@rentcar24.gr, Tel: +302314050800) ausschlie\u00dflich und nur im Rahmen Ihrer Zusammenarbeit mit \u201eRent24Carrentals\u201c bzw zum Surfen auf unserer Website oder f\u00fcr Ihr Abonnement des Newsletter-Dienstes.<\/p><p><strong>COOKIES-POLITIK<\/strong><br \/>Insbesondere beim Surfen auf der Website www.rentcar24.gr kann &#8222;Rent24 Carrentals&#8220; Benutzeridentifikationsdaten mithilfe geeigneter Technologien wie Cookies und \/ oder Internet Protocol (IP)-Adressenverfolgung sammeln. Rent24Carrentals kann diese Richtlinie jederzeit ohne vorherige Ank\u00fcndigung \u00e4ndern, indem eine solche \u00c4nderung \u00fcber die Website angek\u00fcndigt wird. Durch das Navigieren und die Nutzung der Website www.rentcar24.gr von &#8222;Rent24Carrentals&#8220; best\u00e4tigen Besucher \/ Benutzer, dass sie die Datenschutzrichtlinie gelesen, verstanden und vorbehaltlos akzeptiert haben.<\/p><p><strong>PERSONENBEZOGENE DATEN DES NUTZERS DES INTERNETS, DIE WIR SAMMELN UND IM VERARBEITUNGSARCHIV AUFBEWAHREN \u2013 AUFBEWAHRUNGSZEIT IM ARCHIV<\/strong><\/p><p>Versand eines \u201eNewsletters\u201c: Mit der kompletten Mietwagenanfrage \u00fcber unser System werden Sie automatisch in die Datenbank unserer Newsletter eingetragen. Wir bieten Ihnen auch die M\u00f6glichkeit, sich manuell f\u00fcr einen Newsletter anzumelden. Sie erhalten von uns E-Mail-Werbung (z. B. \u00fcber neue Produkte und \/ oder verf\u00fcgbare Dienstleistungen, Sonderangebote, neue Mietwagenstationen usw.). Newsletter l\u00f6schen? Schreiben Sie uns eine E-Mail mit dem &#8222;Aus Newsletter l\u00f6schen&#8220; und Sie erhalten keine Newsletter mehr. Von den Informationen, die Sie uns elektronisch mitteilen (z. B. durch das Surfen auf unserer Website, durch das Abonnieren des Newsletter-Dienstes usw.), f\u00fchren wir eine Datei mit Zugang f\u00fcr die Angestellten und \/ oder Mitarbeiter von &#8222;Rent24 Carrentals&#8220;, die nur Ihre personenbezogenen Daten betreffen zu Ihrem Surfen auf unserer Website www.rentcar24.gr oder auf den Websites, die wir in sozialen Medien (Facebook usw.) unterhalten, und in Ihrem Newsletter-Abonnement. Im letzteren Fall bitten wir Sie, uns Ihre folgenden Daten mitzuteilen, die wir speichern: Vor- und Nachname, Vorname des Vaters, genaue Adressdaten, E-Mail-Adresse und Kontakttelefonnummer. Es wird darauf hingewiesen, dass &#8222;Rent24 Carrentals&#8220; keinen Einfluss und keine Kontrolle \u00fcber die Art und den Umfang der von Social-Networking-Plattformen gesammelten und verwalteten personenbezogenen Daten im Rahmen ihrer Nutzung aus\u00fcben kann und ist nicht verantwortlich f\u00fcr die Erhebung und Verarbeitung von von ihnen durchgef\u00fchrte personenbezogene Daten. F\u00fcr weitere Informationen zu den Zwecken der Erhebung und weiteren Verarbeitung und Nutzung personenbezogener Daten durch Social-Networking-Plattformen sowie zu den diesbez\u00fcglichen Rechten und Regelungen zum Schutz Ihrer Privatsph\u00e4re und personenbezogener Daten, konsultieren Sie die Datenschutzerkl\u00e4rung der jeweiligen Social-Networking-Plattform. Die Verarbeitung ist f\u00fcr Ihr Surfen im Internet und die Nutzung unserer elektronischen Dienste erforderlich und findet so lange statt, bis Sie uns auffordern, dies zu unterbinden.<\/p>\t\t\t\t\t<\/div>\n\t\t\t\t\t\t<\/div>\n\t\t\t\t<\/div>\n\t\t\t\t\t\t<\/div>\n\t\t\t\t\t<\/div>\n\t\t<\/div>\n\t\t\t\t\t\t\t\t<\/div>\n\t\t\t\t\t<\/div>\n\t\t<\/section>\n\t\t\t\t\t\t<\/div>\n\t\t\t\t\t<\/div>\n\t\t<\/div>\n\t\t\t\t\t\t\t\t<\/div>\n\t\t\t\t\t<\/div>\n\t\t<\/section>\n\t\t\t\t\t\t\t\t\t<\/div>\n\t\t\t<\/div>\n\t\t\t\t\t<\/div>\n\t\t","protected":false},"excerpt":{"rendered":"<p>DATENSCHUTZERKL\u00c4RUNG GDPR DATENSCHUTZERKL\u00c4RUNG \u2013 GDPR Seit dem 25.5.2018 wurde die neue Verordnung 2016\/679\/EU zum Schutz &hellip;<\/p>\n<p class=\"read-more\"> <a class=\"\" href=\"https:\/\/rentcar24.gr\/de\/gdpr\/\"> <span class=\"screen-reader-text\">DATENSCHUTZERKL\u00c4RUNG \u2013 GDPR<\/span> Read More \u00bb<\/a><\/p>\n","protected":false},"author":1,"featured_media":0,"parent":0,"menu_order":0,"comment_status":"closed","ping_status":"closed","template":"","meta":{"site-sidebar-layout":"no-sidebar","site-content-layout":"page-builder","ast-global-header-display":"","ast-main-header-display":"","ast-hfb-above-header-display":"","ast-hfb-below-header-display":"","ast-hfb-mobile-header-display":"","site-post-title":"disabled","ast-breadcrumbs-content":"","ast-featured-img":"disabled","footer-sml-layout":"","theme-transparent-header-meta":"enabled","adv-header-id-meta":"","stick-header-meta":"default","header-above-stick-meta":"","header-main-stick-meta":"","header-below-stick-meta":"","footnotes":""},"class_list":["post-31703","page","type-page","status-publish","hentry"],"_links":{"self":[{"href":"https:\/\/rentcar24.gr\/de\/wp-json\/wp\/v2\/pages\/31703","targetHints":{"allow":["GET"]}}],"collection":[{"href":"https:\/\/rentcar24.gr\/de\/wp-json\/wp\/v2\/pages"}],"about":[{"href":"https:\/\/rentcar24.gr\/de\/wp-json\/wp\/v2\/types\/page"}],"author":[{"embeddable":true,"href":"https:\/\/rentcar24.gr\/de\/wp-json\/wp\/v2\/users\/1"}],"replies":[{"embeddable":true,"href":"https:\/\/rentcar24.gr\/de\/wp-json\/wp\/v2\/comments?post=31703"}],"version-history":[{"count":5,"href":"https:\/\/rentcar24.gr\/de\/wp-json\/wp\/v2\/pages\/31703\/revisions"}],"predecessor-version":[{"id":32214,"href":"https:\/\/rentcar24.gr\/de\/wp-json\/wp\/v2\/pages\/31703\/revisions\/32214"}],"wp:attachment":[{"href":"https:\/\/rentcar24.gr\/de\/wp-json\/wp\/v2\/media?parent=31703"}],"curies":[{"name":"wp","href":"https:\/\/api.w.org\/{rel}","templated":true}]}}