{"id":31700,"date":"2023-01-02T17:40:03","date_gmt":"2023-01-02T17:40:03","guid":{"rendered":"https:\/\/rentcar24.gr\/faq\/"},"modified":"2024-04-24T10:47:06","modified_gmt":"2024-04-24T10:47:06","slug":"faq","status":"publish","type":"page","link":"https:\/\/rentcar24.gr\/de\/faq\/","title":{"rendered":"Faq"},"content":{"rendered":"\t\t<div data-elementor-type=\"wp-post\" data-elementor-id=\"31700\" class=\"elementor elementor-31700 elementor-30609\" data-elementor-post-type=\"page\">\n\t\t\t\t\t\t<div class=\"elementor-inner\">\n\t\t\t\t<div class=\"elementor-section-wrap\">\n\t\t\t\t\t\t\t\t\t<section class=\"elementor-section elementor-top-section elementor-element elementor-element-673136e elementor-section-boxed elementor-section-height-default elementor-section-height-default\" data-id=\"673136e\" data-element_type=\"section\" data-settings=\"{&quot;background_background&quot;:&quot;classic&quot;}\">\n\t\t\t\t\t\t<div class=\"elementor-container elementor-column-gap-no\">\n\t\t\t\t\t\t\t<div class=\"elementor-row\">\n\t\t\t\t\t<div class=\"elementor-column elementor-col-100 elementor-top-column elementor-element elementor-element-dc07cf0\" data-id=\"dc07cf0\" data-element_type=\"column\">\n\t\t\t<div class=\"elementor-column-wrap elementor-element-populated\">\n\t\t\t\t\t\t\t<div class=\"elementor-widget-wrap\">\n\t\t\t\t\t\t<div class=\"elementor-element elementor-element-29d8447 elementor-headline--style-highlight elementor-widget elementor-widget-animated-headline\" data-id=\"29d8447\" data-element_type=\"widget\" data-settings=\"{&quot;marker&quot;:&quot;underline&quot;,&quot;highlighted_text&quot;:&quot;Gestellte Fragen&quot;,&quot;headline_style&quot;:&quot;highlight&quot;,&quot;loop&quot;:&quot;yes&quot;,&quot;highlight_animation_duration&quot;:1200,&quot;highlight_iteration_delay&quot;:8000}\" data-widget_type=\"animated-headline.default\">\n\t\t\t\t<div class=\"elementor-widget-container\">\n\t\t\t\t\t<h3 class=\"elementor-headline\">\n\t\t\t\t\t<span class=\"elementor-headline-plain-text elementor-headline-text-wrapper\">H\u00e4ufig <\/span>\n\t\t\t\t<span class=\"elementor-headline-dynamic-wrapper elementor-headline-text-wrapper\">\n\t\t\t\t\t<span class=\"elementor-headline-dynamic-text elementor-headline-text-active\">Gestellte Fragen<\/span>\n\t\t\t\t<\/span>\n\t\t\t\t<\/h3>\n\t\t\t\t<\/div>\n\t\t\t\t<\/div>\n\t\t\t\t<div class=\"elementor-element elementor-element-dcc69f4 elementor-widget elementor-widget-text-editor\" data-id=\"dcc69f4\" data-element_type=\"widget\" data-widget_type=\"text-editor.default\">\n\t\t\t\t<div class=\"elementor-widget-container\">\n\t\t\t\t\t\t\t\t<div class=\"elementor-text-editor elementor-clearfix\">\n\t\t\t\t<p>Hier finden Sie die am h\u00e4ufigsten gestellten Fragen und Antworten rund um die Anmietung Ihres Autos.<\/p>\t\t\t\t\t<\/div>\n\t\t\t\t\t\t<\/div>\n\t\t\t\t<\/div>\n\t\t\t\t<div class=\"elementor-element elementor-element-42737b8 elementor-widget elementor-widget-accordion\" data-id=\"42737b8\" data-element_type=\"widget\" data-widget_type=\"accordion.default\">\n\t\t\t\t<div class=\"elementor-widget-container\">\n\t\t\t\t\t<div class=\"elementor-accordion\">\n\t\t\t\t\t\t\t<div class=\"elementor-accordion-item\">\n\t\t\t\t\t<div id=\"elementor-tab-title-6961\" class=\"elementor-tab-title\" data-tab=\"1\" role=\"button\" aria-controls=\"elementor-tab-content-6961\" aria-expanded=\"false\">\n\t\t\t\t\t\t\t\t\t\t\t\t\t<span class=\"elementor-accordion-icon elementor-accordion-icon-left\" aria-hidden=\"true\">\n\t\t\t\t\t\t\t\t\t\t\t\t\t\t\t<span class=\"elementor-accordion-icon-closed\"><i class=\"fas fa-plus\"><\/i><\/span>\n\t\t\t\t\t\t\t\t<span class=\"elementor-accordion-icon-opened\"><i class=\"fas fa-minus\"><\/i><\/span>\n\t\t\t\t\t\t\t\t\t\t\t\t\t\t<\/span>\n\t\t\t\t\t\t\t\t\t\t\t\t<a class=\"elementor-accordion-title\" tabindex=\"0\">Was muss ich bei der Abholung des Autos dabei haben?<\/a>\n\t\t\t\t\t<\/div>\n\t\t\t\t\t<div id=\"elementor-tab-content-6961\" class=\"elementor-tab-content elementor-clearfix\" data-tab=\"1\" role=\"region\" aria-labelledby=\"elementor-tab-title-6961\"><p>Sie m\u00fcssen Ihren F\u00fchrerschein mitbringen, bevor Sie das Auto erhalten. Au\u00dferdem m\u00fcssen Sie Ihren Personalausweis oder Reisepass dabei haben. Alle oben genannten m\u00fcssen den Namen des Fahrers anzeigen. Der Fahrer muss seit mindestens einem Jahr im Besitz eines F\u00fchrerscheins sein. Er muss einen griechischen oder europ\u00e4ischen F\u00fchrerschein besitzen. F\u00fcr Nicht-EU-B\u00fcrger ist ein internationaler F\u00fchrerschein erforderlich. Sollten die erforderlichen Unterlagen nicht vorliegen, wird die Anmietung storniert und keine Entsch\u00e4digung oder Erstattung gew\u00e4hrt.<\/p><\/div>\n\t\t\t\t<\/div>\n\t\t\t\t\t\t\t<div class=\"elementor-accordion-item\">\n\t\t\t\t\t<div id=\"elementor-tab-title-6962\" class=\"elementor-tab-title\" data-tab=\"2\" role=\"button\" aria-controls=\"elementor-tab-content-6962\" aria-expanded=\"false\">\n\t\t\t\t\t\t\t\t\t\t\t\t\t<span class=\"elementor-accordion-icon elementor-accordion-icon-left\" aria-hidden=\"true\">\n\t\t\t\t\t\t\t\t\t\t\t\t\t\t\t<span class=\"elementor-accordion-icon-closed\"><i class=\"fas fa-plus\"><\/i><\/span>\n\t\t\t\t\t\t\t\t<span class=\"elementor-accordion-icon-opened\"><i class=\"fas fa-minus\"><\/i><\/span>\n\t\t\t\t\t\t\t\t\t\t\t\t\t\t<\/span>\n\t\t\t\t\t\t\t\t\t\t\t\t<a class=\"elementor-accordion-title\" tabindex=\"0\">Wie alt muss ich sein, um ein Auto zu mieten?<\/a>\n\t\t\t\t\t<\/div>\n\t\t\t\t\t<div id=\"elementor-tab-content-6962\" class=\"elementor-tab-content elementor-clearfix\" data-tab=\"2\" role=\"region\" aria-labelledby=\"elementor-tab-title-6962\"><ul><li>Das Mindestalter liegt bei 23 Jahren.<\/li><li>Das H\u00f6chstalter liegt bei 72 Jahren.<\/li><\/ul><p>Wenn Sie 21 oder 22 Jahre alt sind (und Ihren F\u00fchrerschein seit mehr als einem Jahr besitzen) oder \u00fcber 72 Jahre alt sind, gibt es eine Mietoption mit einer Geb\u00fchr von 5,00 Euro pro Tag f\u00fcr die zus\u00e4tzliche Versicherung.<span class=\"Apple-converted-space\">\u00a0<\/span><\/p><\/div>\n\t\t\t\t<\/div>\n\t\t\t\t\t\t\t<div class=\"elementor-accordion-item\">\n\t\t\t\t\t<div id=\"elementor-tab-title-6963\" class=\"elementor-tab-title\" data-tab=\"3\" role=\"button\" aria-controls=\"elementor-tab-content-6963\" aria-expanded=\"false\">\n\t\t\t\t\t\t\t\t\t\t\t\t\t<span class=\"elementor-accordion-icon elementor-accordion-icon-left\" aria-hidden=\"true\">\n\t\t\t\t\t\t\t\t\t\t\t\t\t\t\t<span class=\"elementor-accordion-icon-closed\"><i class=\"fas fa-plus\"><\/i><\/span>\n\t\t\t\t\t\t\t\t<span class=\"elementor-accordion-icon-opened\"><i class=\"fas fa-minus\"><\/i><\/span>\n\t\t\t\t\t\t\t\t\t\t\t\t\t\t<\/span>\n\t\t\t\t\t\t\t\t\t\t\t\t<a class=\"elementor-accordion-title\" tabindex=\"0\">Welche Versicherung haben die Autos?<\/a>\n\t\t\t\t\t<\/div>\n\t\t\t\t\t<div id=\"elementor-tab-content-6963\" class=\"elementor-tab-content elementor-clearfix\" data-tab=\"3\" role=\"region\" aria-labelledby=\"elementor-tab-title-6963\"><ul><li><p>Eine Vollkaskoversicherung ohne Selbstbeteiligung und ohne Kaution n\u00f6tig.<\/p><p>Die Vollkaskoversicherung ohne Selbstbeteiligung deckt nicht:<\/p><ul><li>Verst\u00f6\u00dfe und Sch\u00e4den gegen die Stra\u00dfenverkehrsordnung (StVO), wie z. B. das \u00dcberfahren von roten Ampeln, Stoppschild, Fahren unter Alkohol- und\/oder Drogeneinfluss und\/oder anderen Substanzen, \u00dcberschreitung der H\u00f6chstgeschwindigkeit usw.<\/li><li>Fahren auf nicht zugelassenen Stra\u00dfen, auf denen die StVO nicht gilt.<span class=\"Apple-converted-space\">\u00a0<\/span><\/li><li>Fahren mit vors\u00e4tzlicher Besch\u00e4digung und\/oder unvorsichtiger und fahrl\u00e4ssiger Fahrweise.<\/li><\/ul><p>Unsere Autos sind f\u00fcr die maximale Passagierzahl versichert. Aus Sicherheitsgr\u00fcnden kann diese Zahl nicht \u00fcberschritten werden. Bei \u00dcberschreitung kann die Versicherung storniert werden und dem Mieter werden die Kosten f\u00fcr die Reparatur des Autos im Falle eines Unfalls oder Schadens in Rechnung gestellt.<span class=\"Apple-converted-space\">\u00a0<\/span><\/p><\/li><\/ul><\/div>\n\t\t\t\t<\/div>\n\t\t\t\t\t\t\t<div class=\"elementor-accordion-item\">\n\t\t\t\t\t<div id=\"elementor-tab-title-6964\" class=\"elementor-tab-title\" data-tab=\"4\" role=\"button\" aria-controls=\"elementor-tab-content-6964\" aria-expanded=\"false\">\n\t\t\t\t\t\t\t\t\t\t\t\t\t<span class=\"elementor-accordion-icon elementor-accordion-icon-left\" aria-hidden=\"true\">\n\t\t\t\t\t\t\t\t\t\t\t\t\t\t\t<span class=\"elementor-accordion-icon-closed\"><i class=\"fas fa-plus\"><\/i><\/span>\n\t\t\t\t\t\t\t\t<span class=\"elementor-accordion-icon-opened\"><i class=\"fas fa-minus\"><\/i><\/span>\n\t\t\t\t\t\t\t\t\t\t\t\t\t\t<\/span>\n\t\t\t\t\t\t\t\t\t\t\t\t<a class=\"elementor-accordion-title\" tabindex=\"0\">Was sind die Zahlungsmethoden?<\/a>\n\t\t\t\t\t<\/div>\n\t\t\t\t\t<div id=\"elementor-tab-content-6964\" class=\"elementor-tab-content elementor-clearfix\" data-tab=\"4\" role=\"region\" aria-labelledby=\"elementor-tab-title-6964\"><p>Die Zahlung kann \u00fcber unsere Website oder bei \u00dcbernahme des Fahrzeugs auf die folgenden Methoden erfolgen:<\/p><ul><li>Visa, Master,<span class=\"Apple-converted-space\">\u00a0<\/span><\/li><li>Debitkarte,<span class=\"Apple-converted-space\">\u00a0<\/span><\/li><li>Kreditkarte,<span class=\"Apple-converted-space\">\u00a0<\/span><\/li><li>oder Bargeld.<\/li><\/ul><\/div>\n\t\t\t\t<\/div>\n\t\t\t\t\t\t\t\t<\/div>\n\t\t\t\t<\/div>\n\t\t\t\t<\/div>\n\t\t\t\t\t\t<\/div>\n\t\t\t\t\t<\/div>\n\t\t<\/div>\n\t\t\t\t\t\t\t\t<\/div>\n\t\t\t\t\t<\/div>\n\t\t<\/section>\n\t\t\t\t\t\t\t\t\t<\/div>\n\t\t\t<\/div>\n\t\t\t\t\t<\/div>\n\t\t","protected":false},"excerpt":{"rendered":"<p>H\u00e4ufig Gestellte Fragen Hier finden Sie die am h\u00e4ufigsten gestellten Fragen und Antworten rund um &hellip;<\/p>\n<p class=\"read-more\"> <a class=\"\" href=\"https:\/\/rentcar24.gr\/de\/faq\/\"> <span class=\"screen-reader-text\">Faq<\/span> Read More \u00bb<\/a><\/p>\n","protected":false},"author":1,"featured_media":0,"parent":0,"menu_order":0,"comment_status":"closed","ping_status":"closed","template":"","meta":{"site-sidebar-layout":"no-sidebar","site-content-layout":"page-builder","ast-global-header-display":"","ast-main-header-display":"","ast-hfb-above-header-display":"","ast-hfb-below-header-display":"","ast-hfb-mobile-header-display":"","site-post-title":"disabled","ast-breadcrumbs-content":"","ast-featured-img":"disabled","footer-sml-layout":"","theme-transparent-header-meta":"enabled","adv-header-id-meta":"","stick-header-meta":"default","header-above-stick-meta":"","header-main-stick-meta":"","header-below-stick-meta":"","footnotes":""},"class_list":["post-31700","page","type-page","status-publish","hentry"],"_links":{"self":[{"href":"https:\/\/rentcar24.gr\/de\/wp-json\/wp\/v2\/pages\/31700","targetHints":{"allow":["GET"]}}],"collection":[{"href":"https:\/\/rentcar24.gr\/de\/wp-json\/wp\/v2\/pages"}],"about":[{"href":"https:\/\/rentcar24.gr\/de\/wp-json\/wp\/v2\/types\/page"}],"author":[{"embeddable":true,"href":"https:\/\/rentcar24.gr\/de\/wp-json\/wp\/v2\/users\/1"}],"replies":[{"embeddable":true,"href":"https:\/\/rentcar24.gr\/de\/wp-json\/wp\/v2\/comments?post=31700"}],"version-history":[{"count":42,"href":"https:\/\/rentcar24.gr\/de\/wp-json\/wp\/v2\/pages\/31700\/revisions"}],"predecessor-version":[{"id":32356,"href":"https:\/\/rentcar24.gr\/de\/wp-json\/wp\/v2\/pages\/31700\/revisions\/32356"}],"wp:attachment":[{"href":"https:\/\/rentcar24.gr\/de\/wp-json\/wp\/v2\/media?parent=31700"}],"curies":[{"name":"wp","href":"https:\/\/api.w.org\/{rel}","templated":true}]}}